{"id":275,"date":"2014-11-20T17:36:42","date_gmt":"2014-11-20T20:36:42","guid":{"rendered":"http:\/\/plataformaw.com.br\/wordpress\/?page_id=275"},"modified":"2025-03-20T17:01:09","modified_gmt":"2025-03-20T20:01:09","slug":"a-empresa","status":"publish","type":"page","link":"https:\/\/www.suprimaster.com.br\/?page_id=275","title":{"rendered":"A Suprimaster"},"content":{"rendered":"<h4>Sediada em Belo Horizonte na capital de Minas Gerais, a Suprimaster vem se destacando nos neg\u00f3cios de identifica\u00e7\u00e3o funcional\u00a0desde 1995.<\/h4>\n<h4>Com investimentos em tecnologia, qualifica\u00e7\u00e3o dos nossos colaboradores e com fornecedores selecionados, estaremos sempre a um passo \u00e0 frente para atender as expectativas dos nossos clientes com o m\u00e1ximo em excel\u00eancia.<\/h4>\n<h4>Nosso\u00a0compromisso com a qualidade, faz da Suprimaster uma empresa referenciada no mercado de identifica\u00e7\u00e3o funcional, pois trabalhamos com as melhores marcas e os melhores produtos.<\/h4>\n<h4>A Suprimaster com plena transpar\u00eancia em seus objetivos, vem a cada dia conquistando\u00a0 mais CREDIBILIDADE com seus parceiros, mais CAPACIDADE de produ\u00e7\u00e3o e mais\u00a0 COMPROMISSO com seus clientes.<\/h4>\n<h4>Somos uma empresa s\u00e9ria, prezamos pela qualidade de atendimento e respeito em qualquer miss\u00e3o a ser cumprida.<\/h4>\n<h4>Estaremos sempre \u00e0 disposi\u00e7\u00e3o!<\/h4>\n<h4>Atenciosamente,<\/h4>\n<h4>Ger\u00eancia Administrativa<\/h4>\n","protected":false},"excerpt":{"rendered":"<p>Sediada em Belo Horizonte na capital de Minas Gerais, a Suprimaster vem se destacando nos neg\u00f3cios de identifica\u00e7\u00e3o funcional\u00a0desde 1995. Com investimentos em tecnologia, qualifica\u00e7\u00e3o dos nossos colaboradores e com fornecedores selecionados, estaremos sempre a um passo \u00e0 frente para atender as expectativas dos nossos clientes com o m\u00e1ximo em excel\u00eancia. Nosso\u00a0compromisso com a qualidade, [&hellip;]<\/p>\n","protected":false},"author":1,"featured_media":0,"parent":0,"menu_order":2,"comment_status":"closed","ping_status":"closed","template":"page-full-width.php","meta":{"footnotes":""},"class_list":["post-275","page","type-page","status-publish","hentry"],"_links":{"self":[{"href":"https:\/\/www.suprimaster.com.br\/index.php?rest_route=\/wp\/v2\/pages\/275","targetHints":{"allow":["GET"]}}],"collection":[{"href":"https:\/\/www.suprimaster.com.br\/index.php?rest_route=\/wp\/v2\/pages"}],"about":[{"href":"https:\/\/www.suprimaster.com.br\/index.php?rest_route=\/wp\/v2\/types\/page"}],"author":[{"embeddable":true,"href":"https:\/\/www.suprimaster.com.br\/index.php?rest_route=\/wp\/v2\/users\/1"}],"replies":[{"embeddable":true,"href":"https:\/\/www.suprimaster.com.br\/index.php?rest_route=%2Fwp%2Fv2%2Fcomments&post=275"}],"version-history":[{"count":19,"href":"https:\/\/www.suprimaster.com.br\/index.php?rest_route=\/wp\/v2\/pages\/275\/revisions"}],"predecessor-version":[{"id":1465,"href":"https:\/\/www.suprimaster.com.br\/index.php?rest_route=\/wp\/v2\/pages\/275\/revisions\/1465"}],"wp:attachment":[{"href":"https:\/\/www.suprimaster.com.br\/index.php?rest_route=%2Fwp%2Fv2%2Fmedia&parent=275"}],"curies":[{"name":"wp","href":"https:\/\/api.w.org\/{rel}","templated":true}]}}